{"id":4526,"date":"2019-01-28T04:07:18","date_gmt":"2019-01-28T04:07:18","guid":{"rendered":"http:\/\/thim.staging.wpengine.com\/thim-2\/?page_id=4526"},"modified":"2024-04-07T12:01:22","modified_gmt":"2024-04-07T17:01:22","slug":"galeria","status":"publish","type":"page","link":"https:\/\/colfraymanuelalvarez.edu.co\/web\/galeria\/","title":{"rendered":"INFORMATE"},"content":{"rendered":"<div class=\"wpb-content-wrapper\"><p>[vc_row][vc_column][vc_text_separator title=\u00bbEXPERIENCIAS SIGNIFICATIVAS DE NUESTRA INSTITUCI\u00d3N\u00bb i_size=\u00bbxl\u00bb color=\u00bbturquoise\u00bb style=\u00bbdotted\u00bb border_width=\u00bb6&#8243; add_icon=\u00bbtrue\u00bb][\/vc_column][\/vc_row][vc_row][vc_column][vc_column_text]<\/p>\n<h5 style=\"text-align: center;\">CANTANDO, BAILANDO Y CREANDO APRENDO: Esta es una experiencia basada en el arte y la ense\u00f1anza, buscando espacios significativos desde la pintura, el canto, el baile y el teatro. Es liderada por nuestra docente Luc\u00eda Vargas desde nuestra sede Ricaurte.<\/h5>\n<p>[\/vc_column_text][vc_video link=\u00bbhttps:\/\/youtu.be\/HZJpVNpGo9Y\u00bb el_width=\u00bb50&#8243; align=\u00bbcenter\u00bb][vc_column_text]<\/p>\n<h5 style=\"text-align: center;\">EN MI SEXUALIDAD YO: ESUCHO, APRENDO Y DECIDO. Esta es una experiencia que busca espacios de participaci\u00f3n y ense\u00f1anza desde la sexualidad y construcci\u00f3n de ciudadan\u00eda apoyada por la Universidad de Pamplona y ligada a nuestro proyecto de sexualidad desde el liderazgo de nuestros docentes colfrayma.<\/h5>\n<p>[\/vc_column_text][vc_video link=\u00bbhttps:\/\/youtu.be\/vcpthncRKsk\u00bb el_width=\u00bb50&#8243; align=\u00bbcenter\u00bb][vc_column_text]<\/p>\n<h5 style=\"text-align: center;\">MADRES LIDERES DE CONVIVENCIA Y PAZ. Esta es una experiencia que consiste en integrar a madres de nuestra comunidad a la instituci\u00f3n por medio de talleres, juegos y din\u00e1micas con el objetivo de promocionar la convivencia, los valores y la prevenci\u00f3n de tem\u00e1ticas como el consumo de sustancias, el suicidio, el embarazo no deseado.<\/h5>\n<p>.[\/vc_column_text][vc_video link=\u00bbhttps:\/\/youtu.be\/clrCThHObXE\u00bb el_width=\u00bb50&#8243; align=\u00bbcenter\u00bb][\/vc_column][\/vc_row][vc_row][vc_column][vc_column_text]Dede nuestra experiencia ZOOFITO jovenes por la diversidad, encontramos en nuestros estudiantes de decimo y undecimo grado junto con su docente de biolog\u00eda Misael Castro, la preocupaci\u00f3n por conocer y resguardar la flora y fauna de nuestros alrrededores.[\/vc_column_text][vc_video link=\u00bbhttps:\/\/youtu.be\/kEMVS8Xx0aU\u00bb el_width=\u00bb50&#8243; align=\u00bbcenter\u00bb][vc_column_text]Colfrayma Tienen Talento, es una experiencia creada por el docente orientador Jos\u00e9 Ramon Gonz\u00e1lez con el fin de generar un espacio donde los estudiantes, docentes y padres de familia expresen por medio del arte, emociones, experiencias, talentos. Conoce un poco m\u00e1s de esta experiencia por medio de este video.[\/vc_column_text][vc_video link=\u00bbhttps:\/\/youtu.be\/tqnSDCGrdiU\u00bb el_width=\u00bb50&#8243; align=\u00bbcenter\u00bb][\/vc_column][\/vc_row][vc_row][vc_column][\/vc_column][\/vc_row]<\/p>\n<\/div>","protected":false},"excerpt":{"rendered":"<p>[vc_row][vc_column][vc_text_separator title=\u00bbEXPERIENCIAS SIGNIFICATIVAS DE NUESTRA INSTITUCI\u00d3N\u00bb i_size=\u00bbxl\u00bb color=\u00bbturquoise\u00bb style=\u00bbdotted\u00bb border_width=\u00bb6&#8243; add_icon=\u00bbtrue\u00bb][\/vc_column][\/vc_row][vc_row][vc_column][vc_column_text] CANTANDO, BAILANDO Y CREANDO APRENDO: Esta es una experiencia basada en el arte y la ense\u00f1anza, buscando espacios significativos desde la pintura, el canto, el baile y el teatro. &hellip; <\/p>\n","protected":false},"author":1,"featured_media":0,"parent":0,"menu_order":0,"comment_status":"closed","ping_status":"closed","template":"","meta":{"footnotes":""},"class_list":["post-4526","page","type-page","status-publish","hentry"],"_links":{"self":[{"href":"https:\/\/colfraymanuelalvarez.edu.co\/web\/wp-json\/wp\/v2\/pages\/4526","targetHints":{"allow":["GET"]}}],"collection":[{"href":"https:\/\/colfraymanuelalvarez.edu.co\/web\/wp-json\/wp\/v2\/pages"}],"about":[{"href":"https:\/\/colfraymanuelalvarez.edu.co\/web\/wp-json\/wp\/v2\/types\/page"}],"author":[{"embeddable":true,"href":"https:\/\/colfraymanuelalvarez.edu.co\/web\/wp-json\/wp\/v2\/users\/1"}],"replies":[{"embeddable":true,"href":"https:\/\/colfraymanuelalvarez.edu.co\/web\/wp-json\/wp\/v2\/comments?post=4526"}],"version-history":[{"count":28,"href":"https:\/\/colfraymanuelalvarez.edu.co\/web\/wp-json\/wp\/v2\/pages\/4526\/revisions"}],"predecessor-version":[{"id":12017,"href":"https:\/\/colfraymanuelalvarez.edu.co\/web\/wp-json\/wp\/v2\/pages\/4526\/revisions\/12017"}],"wp:attachment":[{"href":"https:\/\/colfraymanuelalvarez.edu.co\/web\/wp-json\/wp\/v2\/media?parent=4526"}],"curies":[{"name":"wp","href":"https:\/\/api.w.org\/{rel}","templated":true}]}}