{"id":11502,"date":"2019-03-21T15:20:48","date_gmt":"2019-03-21T20:20:48","guid":{"rendered":"https:\/\/colfraymanuelalvarez.edu.co\/web\/?page_id=11502"},"modified":"2024-04-07T11:09:33","modified_gmt":"2024-04-07T16:09:33","slug":"nuestro-colegio","status":"publish","type":"page","link":"https:\/\/colfraymanuelalvarez.edu.co\/web\/nuestro-colegio\/","title":{"rendered":"Nuestro Colegio"},"content":{"rendered":"<div class=\"wpb-content-wrapper\"><p>[vc_row][vc_column]<div class=\"thim-widget-heading template-base\"><div class=\"sc_heading  text-center\"><h3 class=\"title\">S\u00edmbolos <strong> Institucionales <\/strong><\/h3><\/div><\/div>[\/vc_column][\/vc_row][vc_row][vc_column width=\u00bb1\/2&#8243;][vc_column_text]<\/p>\n<h3 class=\"thim-text-title\">Nuestro Escudo<\/h3>\n<p>[\/vc_column_text][vc_single_image image=\u00bb11713&#8243; img_size=\u00bbmedium\u00bb alignment=\u00bbcenter\u00bb][vc_row_inner][vc_column_inner][\/vc_column_inner][\/vc_row_inner][\/vc_column][vc_column width=\u00bb1\/2&#8243;]<div class=\"vc-extral_class wpb_animate_when_almost_visible wpb_top-to-bottom top-to-bottom\"><div class=\"thim-widget-heading template-base\"><div class=\"sc_heading  \"><h3 style=\"text-transform: uppercase;color:#0066bf;font-size:17px;\" class=\"title\">SIGNIFICADO DE LOS S\u00cdMBOLOS DEL ESCUDO<\/h3><span class=\"line\"><\/span><\/div><\/div><\/div>[vc_column_text]<\/p>\n<h2><\/h2>\n<p><strong>SOL: <\/strong>Simboliza la luz del conocimiento instruido y orientado por nuestros docentes.<\/p>\n<p><strong>MONTA\u00d1AS: <\/strong>Simbolizan las riquezas de fauna y flora en las que se encuentra ubicada nuestra instituci\u00f3n.<\/p>\n<p><strong>LIBRO: <\/strong>Simboliza el objetivo de nuestra instituci\u00f3n: formar seres humanos integrales desde sus capacidades intelectuales y humanas. Formar a plenitud.<\/p>\n<p><strong>AGUA: <\/strong>Simboliza las quebradas que rodean a las veredas y corregimientos que conforman nuestra instituci\u00f3n.<\/p>\n<p><strong>SUELO: <\/strong>Simbolizan las minas que se encuentran ubicadas en las veredas y corregimientos que conforman nuestra instituci\u00f3n.<\/p>\n<p><strong>\u00a0<\/strong>[\/vc_column_text][\/vc_column][\/vc_row][vc_row][vc_column width=\u00bb1\/2&#8243;][vc_column_text][\/vc_column_text][vc_single_image image=\u00bb11995&#8243; img_size=\u00bbfull\u00bb style=\u00bbvc_box_rounded\u00bb onclick=\u00bbimg_link_large\u00bb][\/vc_column][vc_column width=\u00bb1\/2&#8243;][vc_column_text][\/vc_column_text][vc_column_text]<\/p>\n<p style=\"text-align: center;\"><strong>SIGNIFICADO DE LOS COLORES <\/strong><\/p>\n<p><strong>AZUL: <\/strong>Simboliza las quebradas que rodean al corregimiento de San Faustino.<\/p>\n<p><strong>BLANCO: <\/strong>Simboliza la paz que queremos en nuestra patria.<\/p>\n<p><strong>ROJO: <\/strong>Simboliza el amor y la entrega de nuestros estudiantes por su instituci\u00f3n.[\/vc_column_text][\/vc_column][\/vc_row][vc_row][vc_column width=\u00bb1\/2&#8243;]<div class=\"thim-widget-heading template-base\"><div class=\"sc_heading  text-center\"><h3 style=\"text-transform: uppercase;color:#00e531;font-size:22px;font-style:initial;\" class=\"title\">NUESTRO HIMNO<\/h3><span class=\"line\"><\/span><\/div><\/div>[vc_column_text]<\/p>\n<p style=\"text-align: center;\"><strong>HIMNO COLEGIO FRAY MANUEL ALVAREZ<\/strong><\/p>\n<p style=\"text-align: center;\"><strong>CORO<\/strong><\/p>\n<p style=\"text-align: center;\"><em>Entonemos Fraylistas este canto<\/em><\/p>\n<p style=\"text-align: center;\"><em>De victoria, optimismo y lealtad<\/em><\/p>\n<p style=\"text-align: center;\"><em>El coraz\u00f3n refleja la alegr\u00eda<\/em><\/p>\n<p style=\"text-align: center;\"><em>Del sacrificio y esfuerzo inmortal<\/em><\/p>\n<p style=\"text-align: center;\">I<\/p>\n<p style=\"text-align: center;\"><em>Vamos j\u00f3venes a preparar la mente<\/em><\/p>\n<p style=\"text-align: center;\"><em>En el valor y ejemplo de la vida<\/em><\/p>\n<p style=\"text-align: center;\"><em>Pues Colombia necesita de valientes<\/em><\/p>\n<p style=\"text-align: center;\"><em>Que por la paz se vea la osad\u00eda<\/em><\/p>\n<p>[\/vc_column_text][\/vc_column][vc_column width=\u00bb1\/2&#8243;][vc_column_text]<\/p>\n<p style=\"text-align: center;\">II<\/p>\n<p style=\"text-align: center;\"><em>En honor merecido al fundador<\/em><\/p>\n<p style=\"text-align: center;\"><em>Su nombre lo lleva este plantel<\/em><\/p>\n<p style=\"text-align: center;\"><em>Estando al servicio\u00a0 del creador<\/em><\/p>\n<p style=\"text-align: center;\"><em>Recordamos al padre Fray Manuel<\/em><\/p>\n<p style=\"text-align: center;\">III<\/p>\n<p style=\"text-align: center;\"><em>Con entusiasmo se ve cada ma\u00f1ana<\/em><\/p>\n<p style=\"text-align: center;\"><em>El renacer crucial de un nuevo d\u00eda<\/em><\/p>\n<p style=\"text-align: center;\"><em>El sol naciente reflejando el horizonte<\/em><\/p>\n<p style=\"text-align: center;\"><em>De quien se atreve a buscar sabidur\u00eda<\/em><\/p>\n<p style=\"text-align: center;\">IV<\/p>\n<p style=\"text-align: center;\"><em>Noble son se entona en san Faustino<\/em><\/p>\n<p style=\"text-align: center;\"><em>Donde se junta la ciencia y la virtud<\/em><\/p>\n<p style=\"text-align: center;\"><em>Para forjar armas fuertes y osadas<\/em><\/p>\n<p style=\"text-align: center;\"><em>Con el emblema EDUCAR A PLENITUD<\/em><\/p>\n<p>[\/vc_column_text][\/vc_column][\/vc_row][vc_row][vc_column]<div class=\"thim-widget-heading template-base\"><div class=\"sc_heading  text-center\"><h3 style=\"text-transform: uppercase;color:#01af2a;font-size:25px;\" class=\"title\">Perfil del Estudiante Fraylista<\/h3><span class=\"line\"><\/span><\/div><\/div>[vc_column_text]Al culminar sus estudios en nuestra Instituci\u00f3n Fray Manuel \u00c1lvarez, el estudiante debe ser:<\/p>\n<ol>\n<li>Una persona \u00edntegra intelectualmente desde sus conocimientos y sus principios morales y \u00e9ticos, definidos por los valores de honestidad, respeto, trabajo en equipo, gratitud, tolerancia y solidaridad.<\/li>\n<li>Una persona con conciencia y formaci\u00f3n dirigida al cuidado y preservaci\u00f3n del medio ambiente.<\/li>\n<li>Una persona sensible desde la expresi\u00f3n art\u00edstica y el disfrute de la misma en su experiencia de vida.<\/li>\n<li>Una persona abierta a vivir su experiencia en lo espiritual, con fe y convicci\u00f3n en la vivencia del evangelio cristiano desde el acompa\u00f1amiento de su proyecto de vida, con respeto hacia los dem\u00e1s cultos religiosos.<\/li>\n<li>Una persona sociable y solidaria, capaz de expresar el amor en sus relaciones interpersonales, de trabajar en bien de la comunidad, aportando soluciones a la problem\u00e1tica actual y transformaci\u00f3n de su entorno.<\/li>\n<li>Una persona aut\u00f3noma desde su toma de decisiones que fortalezcan su proyecto de vida.<\/li>\n<\/ol>\n<p>&nbsp;<\/p>\n<p style=\"text-align: center;\">Estas cualidades son evaluadas constantemente desde las actividades y asignaturas vivenciadas dentro de la instituci\u00f3n y apoyas por el Sistema interno de evaluaci\u00f3n SIE.<\/p>\n<p>[\/vc_column_text][\/vc_column][\/vc_row][vc_row][vc_column][vc_video link=\u00bbhttps:\/\/youtu.be\/m5FIoBS6CVg\u00bb][\/vc_column][\/vc_row]<\/p>\n<\/div>","protected":false},"excerpt":{"rendered":"<p>[vc_row][vc_column][\/vc_column][\/vc_row][vc_row][vc_column width=\u00bb1\/2&#8243;][vc_column_text] Nuestro Escudo [\/vc_column_text][vc_single_image image=\u00bb11713&#8243; img_size=\u00bbmedium\u00bb alignment=\u00bbcenter\u00bb][vc_row_inner][vc_column_inner][\/vc_column_inner][\/vc_row_inner][\/vc_column][vc_column width=\u00bb1\/2&#8243;][vc_column_text] SOL: Simboliza la luz del conocimiento instruido y orientado por nuestros docentes. MONTA\u00d1AS: Simbolizan las riquezas de fauna y flora en las que se encuentra ubicada nuestra instituci\u00f3n. LIBRO: Simboliza el &hellip; <\/p>\n","protected":false},"author":1,"featured_media":0,"parent":0,"menu_order":0,"comment_status":"closed","ping_status":"closed","template":"","meta":{"footnotes":""},"class_list":["post-11502","page","type-page","status-publish","hentry"],"_links":{"self":[{"href":"https:\/\/colfraymanuelalvarez.edu.co\/web\/wp-json\/wp\/v2\/pages\/11502","targetHints":{"allow":["GET"]}}],"collection":[{"href":"https:\/\/colfraymanuelalvarez.edu.co\/web\/wp-json\/wp\/v2\/pages"}],"about":[{"href":"https:\/\/colfraymanuelalvarez.edu.co\/web\/wp-json\/wp\/v2\/types\/page"}],"author":[{"embeddable":true,"href":"https:\/\/colfraymanuelalvarez.edu.co\/web\/wp-json\/wp\/v2\/users\/1"}],"replies":[{"embeddable":true,"href":"https:\/\/colfraymanuelalvarez.edu.co\/web\/wp-json\/wp\/v2\/comments?post=11502"}],"version-history":[{"count":52,"href":"https:\/\/colfraymanuelalvarez.edu.co\/web\/wp-json\/wp\/v2\/pages\/11502\/revisions"}],"predecessor-version":[{"id":11858,"href":"https:\/\/colfraymanuelalvarez.edu.co\/web\/wp-json\/wp\/v2\/pages\/11502\/revisions\/11858"}],"wp:attachment":[{"href":"https:\/\/colfraymanuelalvarez.edu.co\/web\/wp-json\/wp\/v2\/media?parent=11502"}],"curies":[{"name":"wp","href":"https:\/\/api.w.org\/{rel}","templated":true}]}}